{"id":1189,"date":"2021-02-17T14:28:38","date_gmt":"2021-02-17T14:28:38","guid":{"rendered":"https:\/\/villa-emma-pag.com\/kontakt\/"},"modified":"2021-03-29T18:05:48","modified_gmt":"2021-03-29T18:05:48","slug":"kontakt","status":"publish","type":"page","link":"https:\/\/villa-emma-pag.com\/de\/kontakt\/","title":{"rendered":"Kontakt"},"content":{"rendered":"<p>[et_pb_section fb_built=&#8220;1&#8243; custom_padding_last_edited=&#8220;on|phone&#8220; _builder_version=&#8220;4.9.0&#8243; _module_preset=&#8220;default&#8220; background_color=&#8220;#FFFFFF&#8220; custom_padding=&#8220;147px||199px|||&#8220; custom_padding_tablet=&#8220;85px||||false|false&#8220; custom_padding_phone=&#8220;64px||199px||false|false&#8220;][et_pb_row column_structure=&#8220;3_5,2_5&#8243; _builder_version=&#8220;4.8.2&#8243; _module_preset=&#8220;default&#8220;][et_pb_column type=&#8220;3_5&#8243; _builder_version=&#8220;4.8.2&#8243; _module_preset=&#8220;default&#8220;][et_pb_text _builder_version=&#8220;4.9.0&#8243; _module_preset=&#8220;default&#8220; text_font=&#8220;Times New Roman|700|||||||&#8220; text_text_color=&#8220;#C2A956&#8243; text_font_size=&#8220;66px&#8220; text_line_height=&#8220;1em&#8220; custom_margin=&#8220;0px||0px||false|false&#8220; custom_padding=&#8220;0px||0px||false|false&#8220; text_font_size_tablet=&#8220;&#8220; text_font_size_phone=&#8220;42px&#8220; text_font_size_last_edited=&#8220;on|phone&#8220; locked=&#8220;off&#8220;]<\/p>\n<p>In Kontakt kommen<\/p>\n<p>[\/et_pb_text][et_pb_text _builder_version=&#8220;4.9.0&#8243; _module_preset=&#8220;default&#8220; text_font=&#8220;Open Sans|300|||||||&#8220; text_text_color=&#8220;#0A0A0A&#8220; custom_margin=&#8220;18px||46px||false|false&#8220; custom_margin_tablet=&#8220;18px||0px||false|false&#8220; custom_margin_phone=&#8220;&#8220; custom_margin_last_edited=&#8220;on|tablet&#8220; custom_padding=&#8220;||0px|||&#8220; locked=&#8220;off&#8220;]<\/p>\n<p>Danke f\u00fcr Ihr Interesse! F\u00fcllen Sie das untenstehende Formular aus, um uns Ihre Frage oder Ihren Kommentar zu senden, und wir werden uns so schnell wie m\u00f6glich bei Ihnen melden.<\/p>\n<p>[\/et_pb_text][\/et_pb_column][et_pb_column type=&#8220;2_5&#8243; _builder_version=&#8220;4.8.2&#8243; _module_preset=&#8220;default&#8220;][\/et_pb_column][\/et_pb_row][et_pb_row _builder_version=&#8220;4.8.2&#8243; _module_preset=&#8220;default&#8220; custom_margin_tablet=&#8220;-65px||||false|false&#8220; custom_margin_phone=&#8220;&#8220; custom_margin_last_edited=&#8220;on|tablet&#8220;][et_pb_column type=&#8220;4_4&#8243; _builder_version=&#8220;4.8.2&#8243; _module_preset=&#8220;default&#8220;][et_pb_contact_form captcha=&#8220;off&#8220; email=&#8220;info@villa-emma-pag.com&#8220; custom_message=&#8220;Ime po\u0161iljatelja:||et_pb_line_break_holder||%%Ime%% %%Prezime%%||et_pb_line_break_holder||||et_pb_line_break_holder||Email adresa:||et_pb_line_break_holder||%%Email%%||et_pb_line_break_holder||||et_pb_line_break_holder||Poruka:||et_pb_line_break_holder||%%Poruka%%||et_pb_line_break_holder||||et_pb_line_break_holder||_______________&#8220; success_message=&#8220;Ihre Nachricht wurde erhalten&#8220; submit_button_text=&#8220;SENDEN&#8220; _builder_version=&#8220;4.9.0&#8243; _module_preset=&#8220;default&#8220; form_field_background_color=&#8220;RGBA(0,0,0,0)&#8220; form_field_text_color=&#8220;#0A0A0A&#8220; form_field_focus_text_color=&#8220;#0A0A0A&#8220; form_field_custom_margin=&#8220;||50px||false|false&#8220; form_field_custom_padding=&#8220;||25px||false|false&#8220; captcha_font=&#8220;Open Sans|||on|||||&#8220; captcha_text_color=&#8220;#C2A956&#8243; captcha_font_size=&#8220;18px&#8220; form_field_font=&#8220;|||on|||||&#8220; form_field_letter_spacing=&#8220;1px&#8220; custom_button=&#8220;on&#8220; button_text_size=&#8220;18px&#8220; button_text_color=&#8220;#0A0A0A&#8220; button_bg_color=&#8220;#FFFFFF&#8220; button_font=&#8220;Open Sans||||||||&#8220; button_use_icon=&#8220;off&#8220; button_custom_padding=&#8220;5px|33px|5px|33px|true|true&#8220; border_width_bottom=&#8220;1px&#8220; border_color_bottom=&#8220;#C2A956&#8243; button_bg_color__hover_enabled=&#8220;on|hover&#8220; button_bg_color__hover=&#8220;RGBA(0,0,0,0)&#8220; button_bg_enable_color__hover=&#8220;on&#8220; button_text_color__hover_enabled=&#8220;on|hover&#8220; button_text_color__hover=&#8220;#C2A956&#8243; button_border_color__hover_enabled=&#8220;on|desktop&#8220; button_border_color__hover=&#8220;#C2A956&#8243;][et_pb_contact_field field_id=&#8220;Ime&#8220; field_title=&#8220;Name&#8220; allowed_symbols=&#8220;letters&#8220; _builder_version=&#8220;4.8.2&#8243; button_text_size__hover_enabled=&#8220;off&#8220; button_one_text_size__hover_enabled=&#8220;off&#8220; button_two_text_size__hover_enabled=&#8220;off&#8220; button_text_color__hover_enabled=&#8220;off&#8220; button_one_text_color__hover_enabled=&#8220;off&#8220; button_two_text_color__hover_enabled=&#8220;off&#8220; button_border_width__hover_enabled=&#8220;off&#8220; button_one_border_width__hover_enabled=&#8220;off&#8220; button_two_border_width__hover_enabled=&#8220;off&#8220; button_border_color__hover_enabled=&#8220;off&#8220; button_one_border_color__hover_enabled=&#8220;off&#8220; button_two_border_color__hover_enabled=&#8220;off&#8220; button_border_radius__hover_enabled=&#8220;off&#8220; button_one_border_radius__hover_enabled=&#8220;off&#8220; button_two_border_radius__hover_enabled=&#8220;off&#8220; button_letter_spacing__hover_enabled=&#8220;off&#8220; button_one_letter_spacing__hover_enabled=&#8220;off&#8220; button_two_letter_spacing__hover_enabled=&#8220;off&#8220; button_bg_color__hover_enabled=&#8220;off&#8220; button_one_bg_color__hover_enabled=&#8220;off&#8220; button_two_bg_color__hover_enabled=&#8220;off&#8220;][\/et_pb_contact_field][et_pb_contact_field field_id=&#8220;Prezime&#8220; field_title=&#8220;NACHNAME&#8220; allowed_symbols=&#8220;letters&#8220; _builder_version=&#8220;4.8.2&#8243; _module_preset=&#8220;default&#8220;][\/et_pb_contact_field][et_pb_contact_field field_id=&#8220;Email&#8220; field_title=&#8220;Email Addresse&#8220; field_type=&#8220;email&#8220; fullwidth_field=&#8220;on&#8220; _builder_version=&#8220;4.8.2&#8243; button_text_size__hover_enabled=&#8220;off&#8220; button_one_text_size__hover_enabled=&#8220;off&#8220; button_two_text_size__hover_enabled=&#8220;off&#8220; button_text_color__hover_enabled=&#8220;off&#8220; button_one_text_color__hover_enabled=&#8220;off&#8220; button_two_text_color__hover_enabled=&#8220;off&#8220; button_border_width__hover_enabled=&#8220;off&#8220; button_one_border_width__hover_enabled=&#8220;off&#8220; button_two_border_width__hover_enabled=&#8220;off&#8220; button_border_color__hover_enabled=&#8220;off&#8220; button_one_border_color__hover_enabled=&#8220;off&#8220; button_two_border_color__hover_enabled=&#8220;off&#8220; button_border_radius__hover_enabled=&#8220;off&#8220; button_one_border_radius__hover_enabled=&#8220;off&#8220; button_two_border_radius__hover_enabled=&#8220;off&#8220; button_letter_spacing__hover_enabled=&#8220;off&#8220; button_one_letter_spacing__hover_enabled=&#8220;off&#8220; button_two_letter_spacing__hover_enabled=&#8220;off&#8220; button_bg_color__hover_enabled=&#8220;off&#8220; button_one_bg_color__hover_enabled=&#8220;off&#8220; button_two_bg_color__hover_enabled=&#8220;off&#8220;][\/et_pb_contact_field][et_pb_contact_field field_id=&#8220;Poruka&#8220; field_title=&#8220;Botschaft&#8220; field_type=&#8220;text&#8220; fullwidth_field=&#8220;on&#8220; _builder_version=&#8220;4.8.2&#8243; button_text_size__hover_enabled=&#8220;off&#8220; button_one_text_size__hover_enabled=&#8220;off&#8220; button_two_text_size__hover_enabled=&#8220;off&#8220; button_text_color__hover_enabled=&#8220;off&#8220; button_one_text_color__hover_enabled=&#8220;off&#8220; button_two_text_color__hover_enabled=&#8220;off&#8220; button_border_width__hover_enabled=&#8220;off&#8220; button_one_border_width__hover_enabled=&#8220;off&#8220; button_two_border_width__hover_enabled=&#8220;off&#8220; button_border_color__hover_enabled=&#8220;off&#8220; button_one_border_color__hover_enabled=&#8220;off&#8220; button_two_border_color__hover_enabled=&#8220;off&#8220; button_border_radius__hover_enabled=&#8220;off&#8220; button_one_border_radius__hover_enabled=&#8220;off&#8220; button_two_border_radius__hover_enabled=&#8220;off&#8220; button_letter_spacing__hover_enabled=&#8220;off&#8220; button_one_letter_spacing__hover_enabled=&#8220;off&#8220; button_two_letter_spacing__hover_enabled=&#8220;off&#8220; button_bg_color__hover_enabled=&#8220;off&#8220; button_one_bg_color__hover_enabled=&#8220;off&#8220; button_two_bg_color__hover_enabled=&#8220;off&#8220;][\/et_pb_contact_field][\/et_pb_contact_form][\/et_pb_column][\/et_pb_row][\/et_pb_section][et_pb_section fb_built=&#8220;1&#8243; custom_padding_last_edited=&#8220;on|phone&#8220; _builder_version=&#8220;4.9.0&#8243; _module_preset=&#8220;default&#8220; background_enable_color=&#8220;off&#8220; background_image=&#8220;https:\/\/villa-emma-pag.com\/wp-content\/uploads\/2021\/02\/bazen-2-3.jpg&#8220; background_position=&#8220;bottom_center&#8220; custom_padding=&#8220;239px||248px|||&#8220; custom_padding_tablet=&#8220;146px||475px||false|false&#8220; custom_padding_phone=&#8220;43px||289px||false|false&#8220; background_last_edited=&#8220;on|phone&#8220; background_image_phone=&#8220;https:\/\/villa-emma-pag.com\/wp-content\/uploads\/2021\/03\/mobilna-kontakt-verzija-slike.jpg&#8220; background_enable_image_phone=&#8220;on&#8220;][et_pb_row column_structure=&#8220;1_2,1_2&#8243; _builder_version=&#8220;4.9.2&#8243; _module_preset=&#8220;default&#8220; background_color=&#8220;rgba(255,255,255,0.91)&#8220; custom_margin=&#8220;3px|auto||auto||&#8220; custom_padding=&#8220;46px|46px|46px|46px|true|true&#8220; hover_enabled=&#8220;0&#8243; border_width_top=&#8220;2px&#8220; border_color_top=&#8220;#C2A956&#8243; sticky_enabled=&#8220;0&#8243; custom_padding_last_edited=&#8220;on|desktop&#8220; custom_padding_phone=&#8220;46px|22px|46px|22px|true|true&#8220;][et_pb_column type=&#8220;1_2&#8243; _builder_version=&#8220;4.8.2&#8243; _module_preset=&#8220;default&#8220;][et_pb_text _builder_version=&#8220;4.9.0&#8243; _module_preset=&#8220;default&#8220; text_font=&#8220;Times New Roman|700|||||||&#8220; text_text_color=&#8220;#C2A956&#8243; text_font_size=&#8220;43px&#8220; text_line_height=&#8220;1em&#8220; custom_margin=&#8220;0px||||false|false&#8220; text_font_size_tablet=&#8220;&#8220; text_font_size_phone=&#8220;42px&#8220; text_font_size_last_edited=&#8220;on|phone&#8220; locked=&#8220;off&#8220;]<\/p>\n<p>Kontakt details<\/p>\n<p>[\/et_pb_text][et_pb_text _builder_version=&#8220;4.9.0&#8243; _module_preset=&#8220;default&#8220; text_font=&#8220;Open Sans||||||||&#8220; text_text_color=&#8220;#C2A956&#8243; text_letter_spacing=&#8220;1px&#8220; custom_margin=&#8220;18px||0px||false|false&#8220; custom_margin_tablet=&#8220;18px||0px||false|false&#8220; custom_margin_phone=&#8220;&#8220; custom_margin_last_edited=&#8220;on|tablet&#8220; custom_padding=&#8220;||0px|||&#8220; locked=&#8220;off&#8220;]<\/p>\n<p>STANDORT<\/p>\n<p>[\/et_pb_text][et_pb_text _builder_version=&#8220;4.9.0&#8243; _module_preset=&#8220;default&#8220; text_font=&#8220;Open Sans|300|||||||&#8220; text_text_color=&#8220;#0A0A0A&#8220; custom_margin=&#8220;3px||26px||false|false&#8220; custom_margin_tablet=&#8220;2px||0px||false|false&#8220; custom_margin_phone=&#8220;&#8220; custom_margin_last_edited=&#8220;on|tablet&#8220; custom_padding=&#8220;||0px|||&#8220; link_option_url=&#8220;https:\/\/www.google.com\/maps\/place\/Ul.+Silvija+Strahimira+Kranj\u010devi\u0107a+90,+23250,+Pag\/@44.4543209,15.0278539,17z\/data=!3m1!4b1!4m5!3m4!1s0x47623078c5724fb3:0x3c15d83b6364b392!8m2!3d44.4543209!4d15.0300426&#8243; link_option_url_new_window=&#8220;on&#8220; locked=&#8220;off&#8220;]<\/p>\n<p>Slivija Strahimira Kranj\u010devi\u0107a 90, 23250, Pag, Kroatien<\/p>\n<p>[\/et_pb_text][et_pb_text _builder_version=&#8220;4.9.0&#8243; _module_preset=&#8220;default&#8220; text_font=&#8220;Open Sans||||||||&#8220; text_text_color=&#8220;#C2A956&#8243; text_letter_spacing=&#8220;1px&#8220; custom_margin=&#8220;18px||0px||false|false&#8220; custom_margin_tablet=&#8220;18px||0px||false|false&#8220; custom_margin_phone=&#8220;&#8220; custom_margin_last_edited=&#8220;on|tablet&#8220; custom_padding=&#8220;||0px|||&#8220; locked=&#8220;off&#8220;]<\/p>\n<p>TELEFON<\/p>\n<p>[\/et_pb_text][et_pb_text _builder_version=&#8220;4.9.0&#8243; _module_preset=&#8220;default&#8220; text_font=&#8220;Open Sans|300|||||||&#8220; text_text_color=&#8220;#0A0A0A&#8220; custom_margin=&#8220;3px||26px||false|false&#8220; custom_margin_tablet=&#8220;2px||0px||false|false&#8220; custom_margin_phone=&#8220;&#8220; custom_margin_last_edited=&#8220;on|tablet&#8220; custom_padding=&#8220;||0px|||&#8220; link_option_url=&#8220;tel:+385913444958&#8243; locked=&#8220;off&#8220;]<\/p>\n<p>+385 91 3444 958<\/p>\n<p>[\/et_pb_text][et_pb_text _builder_version=&#8220;4.9.0&#8243; _module_preset=&#8220;default&#8220; text_font=&#8220;Open Sans||||||||&#8220; text_text_color=&#8220;#C2A956&#8243; text_letter_spacing=&#8220;1px&#8220; custom_margin=&#8220;18px||0px||false|false&#8220; custom_margin_tablet=&#8220;18px||0px||false|false&#8220; custom_margin_phone=&#8220;&#8220; custom_margin_last_edited=&#8220;on|tablet&#8220; custom_padding=&#8220;||0px|||&#8220; locked=&#8220;off&#8220;]<\/p>\n<p>E-MAIL<\/p>\n<p>[\/et_pb_text][et_pb_text _builder_version=&#8220;4.9.0&#8243; _module_preset=&#8220;default&#8220; text_font=&#8220;Open Sans|300|||||||&#8220; text_text_color=&#8220;#0A0A0A&#8220; custom_margin=&#8220;3px||0px||false|false&#8220; custom_margin_tablet=&#8220;2px||0px||false|false&#8220; custom_margin_phone=&#8220;&#8220; custom_margin_last_edited=&#8220;on|tablet&#8220; custom_padding=&#8220;||0px|||&#8220; link_option_url=&#8220;mailto:info@villa-emma-pag.com&#8220; locked=&#8220;off&#8220;]<\/p>\n<p>info@villa-emma-pag.com<\/p>\n<p>[\/et_pb_text][\/et_pb_column][et_pb_column type=&#8220;1_2&#8243; _builder_version=&#8220;4.8.2&#8243; _module_preset=&#8220;default&#8220;][dsm_embed_google_map address=&#8220;Slivija Strahimira Kranj\u010devi\u0107a 90, 23250, Pag, Hrvatska&#8220; zoom=&#8220;12&#8243; _builder_version=&#8220;4.9.0&#8243; _module_preset=&#8220;default&#8220; hover_enabled=&#8220;0&#8243; sticky_enabled=&#8220;0&#8243;][\/dsm_embed_google_map][\/et_pb_column][\/et_pb_row][\/et_pb_section]<\/p>\n","protected":false},"excerpt":{"rendered":"<p>In Kontakt kommenDanke f\u00fcr Ihr Interesse! F\u00fcllen Sie das untenstehende Formular aus, um uns Ihre Frage oder Ihren Kommentar zu senden, und wir werden uns so schnell wie m\u00f6glich bei Ihnen melden.Kontakt detailsSTANDORTSlivija Strahimira Kranj\u010devi\u0107a 90, 23250, Pag, KroatienTELEFON+385 91 3444 958E-MAILinfo@villa-emma-pag.com<div class=\"et_pb_module dsm_embed_google_map dsm_embed_google_map_0\">\n\t\t\t\t\n\t\t\t\t\n\t\t\t\t\n\t\t\t\t\n\t\t\t\t\n\t\t\t\t\n\t\t\t\t<div class=\"et_pb_module_inner\">\n\t\t\t\t\t<iframe frameborder=\"0\" scrolling=\"no\" marginheight=\"0\" marginwidth=\"0\" src=\"https:\/\/maps.google.com\/maps?q=Slivija%20Strahimira%20Kranj%C4%8Devi%C4%87a%2090%2C%2023250%2C%20Pag%2C%20Hrvatska&amp;t=m&amp;z=12&amp;output=embed&amp;iwloc=near&hl=de_DE\" aria-label=\"Slivija Strahimira Kranj\u010devi\u0107a 90, 23250, Pag, Hrvatska\"><\/iframe>\n\t\t\t\t<\/div>\n\t\t\t<\/div><\/p>\n","protected":false},"author":1,"featured_media":0,"parent":0,"menu_order":0,"comment_status":"closed","ping_status":"closed","template":"","meta":{"_et_pb_use_builder":"on","_et_pb_old_content":"","_et_gb_content_width":"","footnotes":""},"class_list":["post-1189","page","type-page","status-publish","hentry"],"_links":{"self":[{"href":"https:\/\/villa-emma-pag.com\/de\/wp-json\/wp\/v2\/pages\/1189","targetHints":{"allow":["GET"]}}],"collection":[{"href":"https:\/\/villa-emma-pag.com\/de\/wp-json\/wp\/v2\/pages"}],"about":[{"href":"https:\/\/villa-emma-pag.com\/de\/wp-json\/wp\/v2\/types\/page"}],"author":[{"embeddable":true,"href":"https:\/\/villa-emma-pag.com\/de\/wp-json\/wp\/v2\/users\/1"}],"replies":[{"embeddable":true,"href":"https:\/\/villa-emma-pag.com\/de\/wp-json\/wp\/v2\/comments?post=1189"}],"version-history":[{"count":10,"href":"https:\/\/villa-emma-pag.com\/de\/wp-json\/wp\/v2\/pages\/1189\/revisions"}],"predecessor-version":[{"id":2505,"href":"https:\/\/villa-emma-pag.com\/de\/wp-json\/wp\/v2\/pages\/1189\/revisions\/2505"}],"wp:attachment":[{"href":"https:\/\/villa-emma-pag.com\/de\/wp-json\/wp\/v2\/media?parent=1189"}],"curies":[{"name":"wp","href":"https:\/\/api.w.org\/{rel}","templated":true}]}}